{"id":5,"date":"2007-05-19T12:13:16","date_gmt":"2007-05-19T10:13:16","guid":{"rendered":"http:\/\/www.blaue-botschaft.de\/?page_id=4"},"modified":"2024-01-14T18:33:47","modified_gmt":"2024-01-14T16:33:47","slug":"about-2","status":"publish","type":"page","link":"https:\/\/www.blaue-botschaft.de\/","title":{"rendered":"Die Botschaft"},"content":{"rendered":"<p>Die Blaue Botschaft ist das gemeinsame Unternehmen von <a href=\"https:\/\/www.xing.com\/profile\/MonikaLuzi_Beyer\">Prof. Dr.\u00a0Luzi Beyer<\/a> und <a title=\"Das Botschaftspersonal\" href=\"http:\/\/www.blaue-botschaft.de\/?page_id=10 \" target=\"_self\" rel=\"noopener\">Henning Grote<\/a>\u00a0und erarbeitet f\u00fcr Agenturen oder direkt f\u00fcr Unternehmen User-Experience Strategien, Konzepte und konkrete L\u00f6sungen. Die Blaue Botschaft bietet die Evaluation und die methodische Auswertung bestehender Auftritte genauso wie User-Experience und Usability Beratung bis zur Entwicklung von testf\u00e4higen Interface Prototypen f\u00fcr das Web und f\u00fcr mobile Plattformen.<\/p>\n<p>Aber die Blaue Botschaft ist nicht nur eine Agentur.\u00a0Als die Botschaft noch nicht blau gestrichen sondern DDR-typisch grau-braun verputzt war, wurde sie tats\u00e4chlich diplomatisch genutzt. Zuerst als Residenz des finnischen Botschafters in der DDR, dann als diplomatische Vertretung der Volksrepublik Laos. Seit 2001 ist das Geb\u00e4ude in Privatbesitz und bietet neben der Blauen Botschaft ein zuhause f\u00fcr 3 Familien mit z.Zt. 7 Kindern.<\/p>\n","protected":false},"excerpt":{"rendered":"<p>Die Blaue Botschaft ist das gemeinsame Unternehmen von Prof. Dr.\u00a0Luzi Beyer und Henning Grote\u00a0und erarbeitet f\u00fcr Agenturen oder direkt f\u00fcr Unternehmen User-Experience Strategien, Konzepte und konkrete L\u00f6sungen. Die Blaue Botschaft bietet die Evaluation und die methodische Auswertung bestehender Auftritte genauso wie User-Experience und Usability Beratung bis zur Entwicklung von testf\u00e4higen Interface Prototypen f\u00fcr das Web &hellip; <\/p>\n<p class=\"link-more\"><a href=\"https:\/\/www.blaue-botschaft.de\/\" class=\"more-link\"><span class=\"screen-reader-text\">\u201eDie Botschaft\u201c<\/span> weiterlesen<\/a><\/p>\n","protected":false},"author":1,"featured_media":0,"parent":0,"menu_order":20,"comment_status":"closed","ping_status":"closed","template":"","meta":{"footnotes":""},"class_list":["post-5","page","type-page","status-publish","hentry"],"_links":{"self":[{"href":"https:\/\/www.blaue-botschaft.de\/index.php?rest_route=\/wp\/v2\/pages\/5","targetHints":{"allow":["GET"]}}],"collection":[{"href":"https:\/\/www.blaue-botschaft.de\/index.php?rest_route=\/wp\/v2\/pages"}],"about":[{"href":"https:\/\/www.blaue-botschaft.de\/index.php?rest_route=\/wp\/v2\/types\/page"}],"author":[{"embeddable":true,"href":"https:\/\/www.blaue-botschaft.de\/index.php?rest_route=\/wp\/v2\/users\/1"}],"replies":[{"embeddable":true,"href":"https:\/\/www.blaue-botschaft.de\/index.php?rest_route=%2Fwp%2Fv2%2Fcomments&post=5"}],"version-history":[{"count":12,"href":"https:\/\/www.blaue-botschaft.de\/index.php?rest_route=\/wp\/v2\/pages\/5\/revisions"}],"predecessor-version":[{"id":93,"href":"https:\/\/www.blaue-botschaft.de\/index.php?rest_route=\/wp\/v2\/pages\/5\/revisions\/93"}],"wp:attachment":[{"href":"https:\/\/www.blaue-botschaft.de\/index.php?rest_route=%2Fwp%2Fv2%2Fmedia&parent=5"}],"curies":[{"name":"wp","href":"https:\/\/api.w.org\/{rel}","templated":true}]}}