{"id":10,"date":"2007-10-27T00:30:13","date_gmt":"2007-10-26T22:30:13","guid":{"rendered":"http:\/\/www.blaue-botschaft.de\/?page_id=8"},"modified":"2024-01-14T18:36:19","modified_gmt":"2024-01-14T16:36:19","slug":"das-botschaftspersonal","status":"publish","type":"page","link":"https:\/\/www.blaue-botschaft.de\/?page_id=10","title":{"rendered":"Das Botschaftspersonal"},"content":{"rendered":"<p><a style=\"font-size: 1rem;\" href=\"https:\/\/www.xing.com\/profile\/MonikaLuzi_Beyer\">Prof. Dr.\u00a0Luzi Beyer<\/a><span style=\"font-size: 1rem;\"> ist Professorin f\u00fcr Methoden der quantitativen Forschung im Sozial- und Gesundheitswesen an der Alice-Salomon-Hochschule Berlin. In der Blauen Botschaft \u00a0besch\u00e4ftigt sich Luzi Beyer \u00a0mit Simulationstests und reaktiven Methoden webbasierter Datenerhebungsverfahren (online Forschung). \u00a0Bei der Evaluation von Transaktionsplattformen und Sales-Kampagnen hat sie sich insbesondere mit wirtschaftsmathematischen Effekt-Analysen und (saisonalen) Absatzfunktionen besch\u00e4ftigt. Dar\u00fcberhinaus ber\u00e4t sie Wissenschaftler und Unternehmen bei der Planung, Durchf\u00fchrung und Auswertung von statistischen und psychologischen Untersuchungen im Rahmen von eRecruiting Prozessen.<\/span><\/p>\n<p>Als UX Designer, Informationsarchitekt und Projektmanager hat <a href=\"https:\/\/www.xing.com\/profile\/Henning_Grote\">Henning Grote<\/a> seit 1998 Projekte im Web und auf mobilen Plattformen \u00a0betreut. Im Fokus seiner Arbeit steht dabei stets die Optimierung der UserExperience im Spannungsfeld aus Nutzer-Erwartung, Usability, Unternehmenszielen sowie den technischen und budget\u00e4ren Rahmenbedingungen. In den letzten Jahren war er u.a. f\u00fcr mobilcom-debitel, N24 (ProSieben\/Sat1), Nokia Gate5 und O2 Telefonic\u00e1 t\u00e4tig.Als zertifizierte ScrumMaster hat er sich\u00a0insbesondere mit der Integration von UserExperience und Interface-Design in agile Entwicklungsprozesse besch\u00e4ftigt.<\/p>\n<p>Im Mai 2009 waren Luzi Beyer und Henning Grote Teil des Teams, das das erste deutsche <a title=\"UXcamp R\u00fcckblick bei mixxt.de\" href=\"http:\/\/uxcamp.mixxt.de\/networks\/wiki\/index.Feedback\" target=\"_blank\" rel=\"noopener\">UserExperience Barcamp<\/a> mir rund 300 Teilnehmer an der HU Berlin organisiert hat. In den folgenden Jahren entwickelte sich das UXcamp Europe zu einem der gr\u00f6\u00dften europ\u00e4ischen UX Kongressen mit zuletzt rund 550 Teilnehmern, bei einem 50:50 Mix aus deutschen und internationalen Teilnehmern.<\/p>\n","protected":false},"excerpt":{"rendered":"<p>Prof. Dr.\u00a0Luzi Beyer ist Professorin f\u00fcr Methoden der quantitativen Forschung im Sozial- und Gesundheitswesen an der Alice-Salomon-Hochschule Berlin. In der Blauen Botschaft \u00a0besch\u00e4ftigt sich Luzi Beyer \u00a0mit Simulationstests und reaktiven Methoden webbasierter Datenerhebungsverfahren (online Forschung). \u00a0Bei der Evaluation von Transaktionsplattformen und Sales-Kampagnen hat sie sich insbesondere mit wirtschaftsmathematischen Effekt-Analysen und (saisonalen) Absatzfunktionen besch\u00e4ftigt. Dar\u00fcberhinaus ber\u00e4t &hellip; <\/p>\n<p class=\"link-more\"><a href=\"https:\/\/www.blaue-botschaft.de\/?page_id=10\" class=\"more-link\"><span class=\"screen-reader-text\">\u201eDas Botschaftspersonal\u201c<\/span> weiterlesen<\/a><\/p>\n","protected":false},"author":1,"featured_media":89,"parent":0,"menu_order":30,"comment_status":"open","ping_status":"open","template":"","meta":{"footnotes":""},"class_list":["post-10","page","type-page","status-publish","has-post-thumbnail","hentry"],"_links":{"self":[{"href":"https:\/\/www.blaue-botschaft.de\/index.php?rest_route=\/wp\/v2\/pages\/10","targetHints":{"allow":["GET"]}}],"collection":[{"href":"https:\/\/www.blaue-botschaft.de\/index.php?rest_route=\/wp\/v2\/pages"}],"about":[{"href":"https:\/\/www.blaue-botschaft.de\/index.php?rest_route=\/wp\/v2\/types\/page"}],"author":[{"embeddable":true,"href":"https:\/\/www.blaue-botschaft.de\/index.php?rest_route=\/wp\/v2\/users\/1"}],"replies":[{"embeddable":true,"href":"https:\/\/www.blaue-botschaft.de\/index.php?rest_route=%2Fwp%2Fv2%2Fcomments&post=10"}],"version-history":[{"count":10,"href":"https:\/\/www.blaue-botschaft.de\/index.php?rest_route=\/wp\/v2\/pages\/10\/revisions"}],"predecessor-version":[{"id":94,"href":"https:\/\/www.blaue-botschaft.de\/index.php?rest_route=\/wp\/v2\/pages\/10\/revisions\/94"}],"wp:featuredmedia":[{"embeddable":true,"href":"https:\/\/www.blaue-botschaft.de\/index.php?rest_route=\/wp\/v2\/media\/89"}],"wp:attachment":[{"href":"https:\/\/www.blaue-botschaft.de\/index.php?rest_route=%2Fwp%2Fv2%2Fmedia&parent=10"}],"curies":[{"name":"wp","href":"https:\/\/api.w.org\/{rel}","templated":true}]}}